{"id":61,"date":"2009-02-20T04:53:51","date_gmt":"2009-02-20T04:53:51","guid":{"rendered":"http:\/\/www.danielcswilson.net\/?page_id=61"},"modified":"2024-11-13T09:58:57","modified_gmt":"2024-11-13T09:58:57","slug":"writing-papers","status":"publish","type":"page","link":"https:\/\/www.danielwilson.info\/?page_id=61","title":{"rendered":"Selected Writing \/ Papers"},"content":{"rendered":"\n<div class=\"wp-block-group alignwide\"><div class=\"wp-block-group__inner-container is-layout-flow wp-block-group-is-layout-flow\">\n<div class=\"wp-block-group alignwide\"><div class=\"wp-block-group__inner-container is-layout-flow wp-block-group-is-layout-flow\">\n<div class=\"wp-block-group\"><div class=\"wp-block-group__inner-container is-layout-flow wp-block-group-is-layout-flow\">\n<p>! Please check <a href=\"https:\/\/orcid.org\/0000-0001-6886-775X\">ORCID<\/a> or <a href=\"https:\/\/scholar.google.com\/citations?user=GiAk06AAAAAJ&amp;hl=en\" target=\"_blank\" rel=\"noreferrer noopener\" title=\"https:\/\/scholar.google.com\/citations?user=GiAk06AAAAAJ&amp;hl=en\">Scholar<\/a> for my latest publications !<\/p>\n<\/div><\/div>\n\n\n\n<p><a href=\"https:\/\/doi.org\/10.1017\/S0007087424000128\" target=\"_blank\" rel=\"noopener\" title=\"\">Book Review<\/a>: Eric Schatzberg, <em>Technology: Critical History of a Concept<\/em> (Chicago: 2018) in <em>The British Journal for the History of Science<\/em> (2024). <\/p>\n\n\n\n<p>&#8220;<a href=\"https:\/\/muse.jhu.edu\/pub\/1\/article\/903976\" title=\"\">The Living Machine:A Computational Approach to the Nineteenth-Century Language of Technology<\/a>&#8220;, written with Ruth Ahnert et al. in <em>Technology &amp; Culture<\/em> (2023) which uses a language model to explore 19th century text datasets for their uses of figurative language and metaphor in the discourse of technology and machines. This paper was shortlisted for the <a href=\"https:\/\/ihrdighist.blogs.sas.ac.uk\/2024\/10\/2024-richard-deswarte-prize-in-digital-history\/\" target=\"_blank\" rel=\"noopener\" title=\"\">Deswarte Prize<\/a> in digital history and received a commendation from the judges.<\/p>\n\n\n\n<p>A pair of blogposts (2023) about some experimental work in historical document analysis: \u2018Directory Enquiries\u2019. <a href=\"https:\/\/ceblog.sciencemuseumgroup.org.uk\/2023\/02\/06\/directory-enquiries-machine-learning-to-unlock-radical-historical-context-1-of-2\/\" target=\"_blank\" rel=\"noopener\" title=\"\">Part one<\/a> on the Science Museum website; <a href=\"https:\/\/livingwithmachines.ac.uk\/directory-enquiries-machine-learning-to-unlock-radical-historical-context-part-two\/\" target=\"_blank\" rel=\"noopener\" title=\"\">part two<\/a> on the Turing website.<\/p>\n\n\n\n<p>An award-winning (<a href=\"https:\/\/www.historians.org\/awards-and-grants\/awards-and-prizes\/roy-rosenzweig-prize\" title=\"\">by the AHA<\/a>) computer vision pipeline for analysing historical maps called <em>Mapreader<\/em>, with a case study based on the nineteenth-century Ordnance Survey (co-authored with Hosseini, McDonough et al.): &#8216;<a href=\"https:\/\/dl.acm.org\/doi\/10.1145\/3557919.3565812\" title=\"\">Mapreader: a computer vision pipeline for the semantic exploration of maps at scale&#8217;, Proc. 6th ACM SIGSPATIAL GeoHums 2022.<\/a><\/p>\n\n\n\n<div class=\"wp-block-group\"><div class=\"wp-block-group__inner-container is-layout-flow wp-block-group-is-layout-flow\">\n<p>A sole-authored article on the importance of &#8216;scale&#8217; in computational humanities, data science and STS in <em>Science Museum Group Journal<\/em> 18 (Autumn, 2022): <a href=\"http:\/\/dx.doi.org\/10.15180\/221805\" target=\"_blank\" rel=\"noopener\" title=\"\">&#8216;Working at scale: what do computational methods mean for research using cases, models and collections?&#8217;<\/a><\/p>\n\n\n\n<p>A major article (OA) in <em><a href=\"https:\/\/academic.oup.com\/dsh\" target=\"_blank\" rel=\"noopener\" title=\"\">Digital Scholarship in the Humanities<\/a><\/em> (2022) on how to think about large digitised collections, their provenance and composition; or, doing &#8216;source criticism at scale&#8217;, in this case with 19th-century newspapers. Co-authored with Kaspar Beelen and Jon Lawrence: <a href=\"https:\/\/academic.oup.com\/dsh\/advance-article\/doi\/10.1093\/llc\/fqac037\/6644524#366432546\" target=\"_blank\" rel=\"noopener\" title=\"\">&#8216;Bias and representativeness in digitized newspaper collections: Introducing the environmental scan&#8217;<\/a> <\/p>\n<\/div><\/div>\n<\/div><\/div>\n\n\n\n<p>An article (OA) in the <em>Journal of Victorian Culture <\/em>(2021) on using computer vision and machine learning on a large corpus of digitised historical maps to investigate changing nineteenth-century infrastructure, co-authored with McDonough, Vane et al.: <a href=\"https:\/\/doi.org\/10.1093\/jvcult\/vcab009\" target=\"_blank\" rel=\"noreferrer noopener\">&#8216;Maps of a Nation? The Digitized Ordnance Survey for New Historical Research&#8217;<\/a><\/p>\n\n\n<div class=\"wp-block-image\">\n<figure class=\"alignright size-large is-resized\"><a href=\"https:\/\/www.danielwilson.info\/blog\/wp-content\/uploads\/2020\/10\/time_travelers.jpg\"><img loading=\"lazy\" decoding=\"async\" width=\"682\" height=\"1024\" src=\"https:\/\/www.danielwilson.info\/blog\/wp-content\/uploads\/2020\/10\/time_travelers-682x1024.jpg\" alt=\"\" class=\"wp-image-253\" style=\"width:245px;height:367px\" srcset=\"https:\/\/www.danielwilson.info\/blog\/wp-content\/uploads\/2020\/10\/time_travelers-682x1024.jpg 682w, https:\/\/www.danielwilson.info\/blog\/wp-content\/uploads\/2020\/10\/time_travelers-200x300.jpg 200w, https:\/\/www.danielwilson.info\/blog\/wp-content\/uploads\/2020\/10\/time_travelers-768x1154.jpg 768w, https:\/\/www.danielwilson.info\/blog\/wp-content\/uploads\/2020\/10\/time_travelers.jpg 852w\" sizes=\"auto, (max-width: 682px) 100vw, 682px\" \/><\/a><\/figure><\/div>\n\n\n<p>An essay on the historical explanation of industrialisation, on prophecy and on economic history, entitled &#8216;How we got here,&#8217; in <em><a href=\"https:\/\/press.uchicago.edu\/ucp\/books\/book\/chicago\/T\/bo50699947.html\">Time Travelers: Victorian encounters with time and history<\/a><\/em>, edited by Adelene Buckland &amp; Sadiah Qureshi with a foreword by Mary Beard (University of Chicago Press, 2020).<\/p>\n<\/div><\/div>\n\n\n<p>A research article published in May 2019 (from the December 2018 issue) in <em>History of the Human Sciences,<\/em> <a href=\"https:\/\/doi.org\/10.1177\/0952695118818978\">&#8220;Babbage among the insurers: big nineteenth-century data and the public interest,&#8221;<\/a> 31: 5 (129-153) (or OA pre-print <a href=\"https:\/\/www.repository.cam.ac.uk\/handle\/1810\/284156\">here<\/a>.)<\/p>\n<p>A <a href=\"https:\/\/www.danielwilson.info\/blog\/wp-content\/uploads\/2016\/10\/dan-bouk-how-our-days-became-numbered-risk-and-the-rise-of-the-statistical-individual-chicago-the-university-of-chicago-press-2015-pp-304-isbn-978-0-226-25917-8-28-00-hardback.pdf\" target=\"_blank\" rel=\"noopener noreferrer\">review<\/a> of a book on US insurance, medicine and race: <em>The British Journal for the History of Science<\/em> 49.3 (2016): 520-1. <a href=\"http:\/\/dx.doi.org\/10.1017\/S0007087416001011\" target=\"_blank\" rel=\"noopener noreferrer\">DOI<\/a>.<\/p>\n<p>A research article in the <em>Journal of British Studies<\/em> about the New Liberal J.A. Hobson which reveals the centrality of technology to his heterodox political and economic thought: <a title=\"JBS\" href=\"http:\/\/journals.cambridge.org\/action\/displayAbstract?fromPage=online&amp;aid=9651141&amp;fileId=S0021937115000088&amp;utm_source=Issue_Alert&amp;utm_medium=Email&amp;utm_campaign=JBR\" target=\"_blank\" rel=\"noopener noreferrer\">&#8216;J. A. Hobson and the Machinery Question,&#8217; <em>Journal of British Studies,<\/em> 54.2 (2015): 377-405.<\/a><\/p>\n<p>A research article in <em>History and Memory<\/em> about the uses of history <em>conceived as a scientific method<\/em> for understanding the social malaise of late Victorian Britain and its origins in industrialism: <a href=\"http:\/\/www.jstor.org\/stable\/10.2979\/histmemo.26.2.133\" target=\"_blank\" rel=\"noopener noreferrer\">&#8216;Arnold Toynbee and the Industrial Revolution: The Science of History, Political Economy and the Machine Past,&#8217; <em>History &amp; Memory<\/em>, 26.2 (2014): 133-161.<\/a><\/p>\n<p>&#8216;Penty against the machine: the enigma of technology in British political thought&#8217;, a paper delivered at the ANR colloquium &#8216;Technologies et socialismes: th\u00e9ories, imaginaires, pratiques au XIXe si\u00e8cles&#8217; at the Universit\u00e9 de Bourgogne, Dijon, June 2013.<\/p>\n<p>&#8216;The Projectile Power of the Mind: Babbage, Risk &amp; Insurance&#8217;, a paper delivered at the &#8216;Three Societies Meeting&#8217; (HSS, BSHS &amp; CSHPS) at UPenn in Philadelphia, July 2012.<\/p>\n<p>A <a href=\"https:\/\/www.danielwilson.info\/blog\/wp-content\/uploads\/2011\/10\/medhis5504_07-562-3.pdf\" target=\"_blank\" rel=\"noopener noreferrer\">review<\/a> of a new book about American industry in the nineteenth century. <em>Medical History<\/em> 55.4 (2011): 562-3. <a title=\"American Abyss\" href=\"http:\/\/www.ncbi.nlm.nih.gov\/pmc\/articles\/PMC3199666\/\" target=\"_blank\" rel=\"noopener noreferrer\">DOI.<\/a><\/p>\n<p>&#8216;Hobson and the Machine&#8217;, a paper delivered at the <a title=\"BSHS\" href=\"http:\/\/www.bshs.org.uk\" target=\"_blank\" rel=\"noopener noreferrer\">BSHS<\/a> annual conference, University of Aberdeen, July 2010.<\/p>\n<p>A <a title=\"BJHSREVIEW\" href=\"https:\/\/www.danielwilson.info\/blog\/wp-content\/uploads\/2009\/08\/dcsw-bjhs42-3-review-olson.pdf\" target=\"_blank\" rel=\"noopener noreferrer\">review<\/a> of a new book on &#8216;Scientism&#8217; in nineteenth-century Europe: <em>The British Journal for the History of Science<\/em> 42.3 (2009) 469-70: <a href=\"http:\/\/journals.cambridge.org\/action\/displayFulltext?type=6&amp;fid=6090000&amp;jid=BJH&amp;volumeId=42&amp;issueId=03&amp;aid=6089996&amp;fulltextType=BR&amp;fileId=S0007087409990343\" target=\"_blank\" rel=\"noopener noreferrer\">DOI<\/a><\/p>\n<p>&#8220;Late-Victorian science views the Industrial Revolution&#8221;, a paper delivered at the joint annual conference of <a href=\"http:\/\/www.bavsuk.org\/index.htm\" target=\"_blank\" rel=\"noopener noreferrer\">BAVS<\/a> &amp; <a href=\"http:\/\/www.cla.purdue.edu\/academic\/engl\/navsa\/\" target=\"_blank\" rel=\"noopener noreferrer\">NAVSA<\/a>, entitled <a href=\"http:\/\/www.victorians.group.cam.ac.uk\/Past-vs-Present.html\/\" target=\"_blank\" rel=\"noopener noreferrer\">Past versus Present<\/a>, hosted by the University of Cambridge, <a href=\"http:\/\/www.victorians.group.cam.ac.uk\/\" target=\"_blank\" rel=\"noopener noreferrer\"> Victorian Studies Group <\/a>, July 2009.<\/p>\n<p>&#8220;Looking forward, looking backward: scientists as historians at the British Association&#8221;, a paper delivered at the annual conference of the <a href=\"http:\/\/www.bshs.org.uk\/\" target=\"_blank\" rel=\"noopener noreferrer\">British Society for the History of Science<\/a> at the <a href=\"http:\/\/www.le.ac.uk\/hi\/\" target=\"_blank\" rel=\"noopener noreferrer\">University of Leicester,<\/a> July 2009.<\/p>\n<p>&#8220;Two&#8217;s company, three&#8217;s a crowd: engineers in the history of the two cultures&#8221;. A paper delivered at the conference, <a href=\"http:\/\/www.londonconsortium.com\/2008\/12\/25\/art-and-science-now-programme\/\" target=\"_blank\" rel=\"noopener noreferrer\">Art and Science Now: The Two Cultures in Question<\/a>; a collaboration between the Science Museum, Tate Modern and the London Consortium in January 2009, marking the 50th aniversary of CP Snow&#8217;s Rede Lecture. A modified version of this argument was also presented at the BSHS graduate conference in Manchester.<\/p>\n<p>This <a title=\"The Birth of Now\" href=\"https:\/\/www.danielwilson.info\/blog\/wp-content\/uploads\/2009\/02\/252.pdf\" target=\"_blank\" rel=\"noopener noreferrer\">review essay<\/a> of two books in the history of technology, by David Edgerton and Bernhard Rieger, also reflects on some historiographical issues.&nbsp; &#8220;The Birth of Now&#8221;,<em> History Workshop Journal<\/em> 65 (2008) 252-258:<a href=\"http:\/\/hwj.oxfordjournals.org\/cgi\/content\/full\/dbn009?\u00e2\u20ac\u00a8ijkey=EycRNfDS71TMzCw&amp;keytype=ref\" target=\"_blank\" rel=\"noopener noreferrer\">DOI<\/a><\/p>\n<p>&#8220;Bridging the gap: Raymond Williams and the &#8216;Interregnum&#8217;, c.1880-1914&#8221;. A paper delivered at the annual IHR conference, &#8220;Turning Points&#8221;, in London, June 2008.<\/p>\n<p>&#8220;Knights of Science: the British Association for the Advancement of Science, 1874-1902&#8221;. A paper delivered to the Birkbeck research student workshop, February 2008.<\/p>\n<p>&#8220;Engagement or consolation? The utopias of HG Wells and GK Chesterton&#8221;. A paper delivered at the conference, &#8220;Happiness: Lessons from the Arts&#8221;, Queen Mary, University of London, 2006.<\/p>\n<p>&#8220;Imperfect Necessity. Aspects of Violence: the Unabomber, Thoreau and John Brown.&#8221; A long essay on technology, rationality and political violence.<\/p>\n\n\n<p><\/p>\n","protected":false},"excerpt":{"rendered":"<p>! Please check ORCID or Scholar for my latest publications ! Book Review: Eric Schatzberg, Technology: Critical History of a Concept (Chicago: 2018) in The British Journal for the History of Science (2024). &#8220;The Living Machine:A Computational Approach to the &hellip; <a href=\"https:\/\/www.danielwilson.info\/?page_id=61\">Continue reading <span class=\"meta-nav\">&rarr;<\/span><\/a><\/p>\n","protected":false},"author":1,"featured_media":0,"parent":0,"menu_order":1,"comment_status":"closed","ping_status":"closed","template":"","meta":{"footnotes":""},"class_list":["post-61","page","type-page","status-publish","hentry"],"aioseo_notices":[],"_links":{"self":[{"href":"https:\/\/www.danielwilson.info\/index.php?rest_route=\/wp\/v2\/pages\/61","targetHints":{"allow":["GET"]}}],"collection":[{"href":"https:\/\/www.danielwilson.info\/index.php?rest_route=\/wp\/v2\/pages"}],"about":[{"href":"https:\/\/www.danielwilson.info\/index.php?rest_route=\/wp\/v2\/types\/page"}],"author":[{"embeddable":true,"href":"https:\/\/www.danielwilson.info\/index.php?rest_route=\/wp\/v2\/users\/1"}],"replies":[{"embeddable":true,"href":"https:\/\/www.danielwilson.info\/index.php?rest_route=%2Fwp%2Fv2%2Fcomments&post=61"}],"version-history":[{"count":90,"href":"https:\/\/www.danielwilson.info\/index.php?rest_route=\/wp\/v2\/pages\/61\/revisions"}],"predecessor-version":[{"id":422,"href":"https:\/\/www.danielwilson.info\/index.php?rest_route=\/wp\/v2\/pages\/61\/revisions\/422"}],"wp:attachment":[{"href":"https:\/\/www.danielwilson.info\/index.php?rest_route=%2Fwp%2Fv2%2Fmedia&parent=61"}],"curies":[{"name":"wp","href":"https:\/\/api.w.org\/{rel}","templated":true}]}}